{"id":34,"date":"2012-11-13T21:27:47","date_gmt":"2012-11-13T21:27:47","guid":{"rendered":"http:\/\/clubber.wizedesign.com\/dark\/?page_id=34"},"modified":"2013-09-27T19:54:32","modified_gmt":"2013-09-27T18:54:32","slug":"home","status":"publish","type":"page","link":"https:\/\/wonderfm.com\/","title":{"rendered":"Home"},"content":{"rendered":"\r\n<div class=\"title-home\"><h3>Wonder FM<\/h3><\/div>\n<p>Te damos la bienvenida a nuestra nueva web, donde podr\u00e1s estar al tanto de todo lo que ocurre en tu emisora favorita! Ent\u00e9rate de todas las fiestas que hacemos en tu ciudad, disfruta de nuestra radio online, b\u00fascate en las fotos y mucho m\u00e1s! Todo en nuestra nueva web! LA ESTAMOS LIANDO PARDA!!!!<\/p>\n<p>&nbsp;<\/p>\n<p>&nbsp;<\/p>\n<p>\r\n<div class=\"title-home\"><h3>Pr\u00f3ximos eventos<\/h3><\/div>\r\n  <div class=\"home-post\">\r\n    <div class=\"home-width fixed\">\r\n      <div class=\"event-archive\">       \r\n\t\t<div class=\"event-arc-data\">\r\n\t\t\t<div class=\"event-arc-day\">23<\/div>\r\n\t\t\t<div class=\"event-arc-month\">Oct<\/div>\r\n      <\/div><!-- end #event-arc-data -->                \r\n      <div class=\"event-arc-cover\">\r\n          <a href=\"https:\/\/wonderfm.com\/?event=evento-de-prueba\">\r\n            <img decoding=\"async\" src=\"https:\/\/wonderfm.com\/wp-content\/uploads\/2013\/09\/different-166x166.jpg\" alt=\"Festa WonderFM\" \/>\r\n          <\/a>                \r\n        <\/div><!-- end .event-arc-cover -->\r\n        <div class=\"event-arc-text\">\r\n          <h2 class=\"event-arc-title\"><a href=\"https:\/\/wonderfm.com\/?event=evento-de-prueba\">Festa WonderFM<\/a><\/h2>\r\n          <div class=\"event-arc-info\"><p class=\"event-arc-venue\">Is Different<\/p><p class=\"event-arc-time\">11:30 pm\r\n          <\/div><!-- end .event-arc-info --><p> LA RADIO DANCE DE LES TERRES DE PONENT TE LA SEVA PROPERA PARADA AL NOSTRE LOCAL PER FER-NOS GAUDIR DE UNA REMEMBER PARTY. WONDERFM AMB ELS DEEJAY\u2019S ALBERTO  ...<\/p>\r\n        <\/div><!-- end .event-arc-text -->\r\n      <\/div><!-- end .event-archive -->\r\n    <\/div><!-- end .home-width fixed -->\r\n    <div class=\"home-width fixed\">\r\n      <div class=\"event-archive\">       \r\n\t\t<div class=\"event-arc-data\">\r\n\t\t\t<div class=\"event-arc-day\">26<\/div>\r\n\t\t\t<div class=\"event-arc-month\">Oct<\/div>\r\n      <\/div><!-- end #event-arc-data -->                \r\n      <div class=\"event-arc-cover\">\r\n          <a href=\"https:\/\/wonderfm.com\/?event=petre-inspirescu-party\">\r\n            <img decoding=\"async\" src=\"https:\/\/wonderfm.com\/wp-content\/uploads\/2012\/11\/6086563414_96de508510_b-166x166.jpg\" alt=\"Night  Party\" \/>\r\n          <\/a>                \r\n        <\/div><!-- end .event-arc-cover -->\r\n        <div class=\"event-arc-text\">\r\n          <h2 class=\"event-arc-title\"><a href=\"https:\/\/wonderfm.com\/?event=petre-inspirescu-party\">Night  Party<\/a><\/h2>\r\n          <div class=\"event-arc-info\"><p class=\"event-arc-venue\">Test<\/p><p class=\"event-arc-time\">11:30 pm\r\n          <\/div><!-- end .event-arc-info --><p> Mauris iaculis porttitor posuere. Praesent id metus massa, ut blandit odio. Proin quis tortor orci. Etiam at risus et justo dignissim congue. Donec congue  ...<\/p>\r\n        <\/div><!-- end .event-arc-text -->\r\n      <\/div><!-- end .event-archive -->\r\n    <\/div><!-- end .home-width fixed -->\r\n  <\/div><!-- end .home-post -->\r\n<div class=\"title-home\"><h3>\u00daltimos \u00e1lbumes<\/h3><\/div> \r\n  <div class=\"home-post fixed\">\r\n    <div class=\"col-home\">\r\n      <div class=\"home-width\">\r\n        <div class=\"audio-home last-p\">\r\n          <div class=\"audio-home-cover bar-home-audio\">\r\n            <a href=\"https:\/\/wonderfm.com\/?audio=sensation-source\">\r\n              <img decoding=\"async\" src=\"https:\/\/wonderfm.com\/wp-content\/uploads\/2012\/11\/4279526086_11686bef62-200x200.jpg\" alt=\"Sensation Source\" \/>\r\n              <div class=\"media-home-title mosaic-overlay\"> Sensation Source <\/div><!-- end .audio-title -->  \r\n            <\/a>\r\n          <\/div><!-- end .audio-home-cover -->  \r\n        <\/div><!-- end .audio-home last-p -->\r\n        <div class=\"audio-home last-p\">\r\n          <div class=\"audio-home-cover bar-home-audio\">\r\n            <a href=\"https:\/\/wonderfm.com\/?audio=see-lye-ep\">\r\n              <img decoding=\"async\" src=\"https:\/\/wonderfm.com\/wp-content\/uploads\/2012\/11\/4948554914_8e4f39e58e-200x200.jpg\" alt=\"See Lye EP\" \/>\r\n              <div class=\"media-home-title mosaic-overlay\"> See Lye EP <\/div><!-- end .audio-title -->  \r\n            <\/a>\r\n          <\/div><!-- end .audio-home-cover -->  \r\n        <\/div><!-- end .audio-home last-p -->\r\n        <div class=\"audio-home last-p\">\r\n          <div class=\"audio-home-cover bar-home-audio\">\r\n            <a href=\"https:\/\/wonderfm.com\/?audio=cafe-del-mar\">\r\n              <img decoding=\"async\" src=\"https:\/\/wonderfm.com\/wp-content\/uploads\/2012\/11\/4279525396_1940d86baa-200x200.jpg\" alt=\"Cafe Del Mar\" \/>\r\n              <div class=\"media-home-title mosaic-overlay\"> Cafe Del Mar <\/div><!-- end .audio-title -->  \r\n            <\/a>\r\n          <\/div><!-- end .audio-home-cover -->  \r\n        <\/div><!-- end .audio-home last-p --> \r\n      <\/div><!-- end .home-width -->\r\n    <\/div><!-- end .col-home -->\r\n  <\/div><!-- end .home-post fixed-->\r\n<div class=\"title-home\"><h3>\u00daltimas fotos<\/h3><\/div>\r\n  <div class=\"home-post fixed\">\r\n    <div class=\"col-home\">\r\n      <div class=\"home-width\"> \r\n        <div class=\"photo-home last-p\">\r\n          <div class=\"photo-home-cover bar-home-photo\">\r\n            <a href=\"https:\/\/wonderfm.com\/?photo=festa-wonderfm-al-carpe-diem-de-almacelles\">\r\n              <img decoding=\"async\" src=\"https:\/\/wonderfm.com\/wp-content\/uploads\/2013\/11\/420250_419683191454725_868402550_n-200x130.jpg\" alt=\"Festa WonderFM al Carpe Diem de Almacelles!\" \/>\r\n              <div class=\"media-home-title mosaic-overlay\"> Festa WonderFM al Carpe Diem ...<\/div><!-- end .audio-title -->    \r\n            <\/a>\r\n          <\/div><!-- end .photo-home-cover -->          \r\n        <\/div><!-- end .photo-home last-p -->\r\n        <div class=\"photo-home last-p\">\r\n          <div class=\"photo-home-cover bar-home-photo\">\r\n            <a href=\"https:\/\/wonderfm.com\/?photo=karmon-evren-ulusoy\">\r\n              <img decoding=\"async\" src=\"https:\/\/wonderfm.com\/wp-content\/uploads\/2012\/11\/6316430804_1a92aec565_b-200x130.jpg\" alt=\"Karmon Evren Ulusoy\" \/>\r\n              <div class=\"media-home-title mosaic-overlay\"> Karmon Evren Ulusoy <\/div><!-- end .audio-title -->    \r\n            <\/a>\r\n          <\/div><!-- end .photo-home-cover -->          \r\n        <\/div><!-- end .photo-home last-p -->\r\n        <div class=\"photo-home last-p\">\r\n          <div class=\"photo-home-cover bar-home-photo\">\r\n            <a href=\"https:\/\/wonderfm.com\/?photo=noidoi-and-vlad-caia-sace\">\r\n              <img decoding=\"async\" src=\"https:\/\/wonderfm.com\/wp-content\/uploads\/2012\/11\/7332538598_cd16b04935_b-200x130.jpg\" alt=\"NoiDoi and Vlad Caia @ Sace\" \/>\r\n              <div class=\"media-home-title mosaic-overlay\"> NoiDoi and Vlad Caia @ Sace <\/div><!-- end .audio-title -->    \r\n            <\/a>\r\n          <\/div><!-- end .photo-home-cover -->          \r\n        <\/div><!-- end .photo-home last-p -->\r\n      <\/div><!-- end .home-width -->\r\n    <\/div><!-- end .col-home -->\r\n  <\/div><!-- end .home-post fixed--><\/p>\n","protected":false},"excerpt":{"rendered":"<p>Te damos la bienvenida a nuestra nueva web, donde podr\u00e1s estar al tanto de todo lo que ocurre en tu emisora favorita! Ent\u00e9rate de todas las fiestas que hacemos en tu ciudad, disfruta de nuestra radio online, b\u00fascate en las fotos y mucho m\u00e1s! Todo [&hellip;]<\/p>\n","protected":false},"author":1,"featured_media":0,"parent":0,"menu_order":0,"comment_status":"open","ping_status":"open","template":"","meta":{"footnotes":""},"class_list":["post-34","page","type-page","status-publish","hentry"],"_links":{"self":[{"href":"https:\/\/wonderfm.com\/index.php?rest_route=\/wp\/v2\/pages\/34","targetHints":{"allow":["GET"]}}],"collection":[{"href":"https:\/\/wonderfm.com\/index.php?rest_route=\/wp\/v2\/pages"}],"about":[{"href":"https:\/\/wonderfm.com\/index.php?rest_route=\/wp\/v2\/types\/page"}],"author":[{"embeddable":true,"href":"https:\/\/wonderfm.com\/index.php?rest_route=\/wp\/v2\/users\/1"}],"replies":[{"embeddable":true,"href":"https:\/\/wonderfm.com\/index.php?rest_route=%2Fwp%2Fv2%2Fcomments&post=34"}],"version-history":[{"count":6,"href":"https:\/\/wonderfm.com\/index.php?rest_route=\/wp\/v2\/pages\/34\/revisions"}],"predecessor-version":[{"id":506,"href":"https:\/\/wonderfm.com\/index.php?rest_route=\/wp\/v2\/pages\/34\/revisions\/506"}],"wp:attachment":[{"href":"https:\/\/wonderfm.com\/index.php?rest_route=%2Fwp%2Fv2%2Fmedia&parent=34"}],"curies":[{"name":"wp","href":"https:\/\/api.w.org\/{rel}","templated":true}]}}